{"id":4608,"date":"2026-05-06T14:39:55","date_gmt":"2026-05-06T12:39:55","guid":{"rendered":"https:\/\/marilyneletessier-avocat.fr\/?page_id=4608"},"modified":"2026-05-06T14:39:55","modified_gmt":"2026-05-06T12:39:55","slug":"mentions-legales","status":"publish","type":"page","link":"https:\/\/marilyneletessier-avocat.fr\/fr\/mentions-legales\/","title":{"rendered":"Mentions l\u00e9gales"},"content":{"rendered":"<section class=\"legal-page\">\n<h1>Mentions l\u00e9gales<\/h1>\n<h2>\u00c9diteur du site<\/h2>\n<p>Le pr\u00e9sent site est \u00e9dit\u00e9 par :<\/p>\n<p><strong>Ma\u00eetre Marilyne Letessier<\/strong><br \/>\nAvocat au Barreau de Nice<br \/>\n12 rue Alphonse Karr<br \/>\n06000 Nice \u2013 France<\/p>\n<p>T\u00e9l\u00e9phone : <a href=\"tel:+33422135701\">04 22 13 57 01<\/a><br \/>\nEmail : <a href=\"mailto:contact@marilyneletessier-avocat.fr\">contact@marilyneletessier-avocat.fr<\/a><\/p>\n<p>Num\u00e9ro SIRET : 510 652 738 00038<br \/>\nNum\u00e9ro RCS : 510 065 002<\/p>\n<p>Directeur de la publication : <strong>Marilyne Letessier<\/strong><\/p>\n<h2>H\u00e9bergement<\/h2>\n<p>Le site est h\u00e9berg\u00e9 par :<\/p>\n<p><strong>OVH SAS<\/strong><br \/>\n2 rue Kellermann<br \/>\n59100 Roubaix \u2013 France<br \/>\nT\u00e9l\u00e9phone : 09 72 10 10 07<br \/>\nSite internet : <a href=\"https:\/\/www.ovhcloud.com\/fr\/\" target=\"_blank\" rel=\"noopener\">www.ovhcloud.com<\/a><\/p>\n<h2>Activit\u00e9 r\u00e9glement\u00e9e<\/h2>\n<p>Ma\u00eetre Marilyne Letessier exerce la profession d\u2019avocat, profession r\u00e9glement\u00e9e par la loi fran\u00e7aise.<br \/>\nElle est inscrite au Barreau de Nice et soumise aux r\u00e8gles d\u00e9ontologiques applicables \u00e0 la profession d\u2019avocat.<\/p>\n<h2>Propri\u00e9t\u00e9 intellectuelle<\/h2>\n<p>L\u2019ensemble des contenus pr\u00e9sents sur ce site, notamment les textes, images, graphismes, logos,<br \/>\n\u00e9l\u00e9ments visuels, structure et contenus r\u00e9dactionnels, est prot\u00e9g\u00e9 par le droit de la propri\u00e9t\u00e9 intellectuelle.<\/p>\n<p>Toute reproduction, repr\u00e9sentation, modification, publication, transmission ou adaptation,<br \/>\ntotale ou partielle, sans autorisation pr\u00e9alable \u00e9crite, est interdite.<\/p>\n<h2>Responsabilit\u00e9<\/h2>\n<p>Les informations publi\u00e9es sur ce site sont fournies \u00e0 titre informatif.<br \/>\nElles ne constituent pas une consultation juridique personnalis\u00e9e et ne sauraient remplacer<br \/>\nl\u2019analyse compl\u00e8te d\u2019un dossier par un avocat.<\/p>\n<p>Ma\u00eetre Marilyne Letessier s\u2019efforce d\u2019assurer l\u2019exactitude et la mise \u00e0 jour des informations diffus\u00e9es,<br \/>\nsans pouvoir garantir l\u2019absence totale d\u2019erreurs, d\u2019omissions ou de modifications l\u00e9gislatives ou jurisprudentielles.<\/p>\n<h2>Donn\u00e9es personnelles<\/h2>\n<p>Les informations relatives au traitement des donn\u00e9es personnelles sont d\u00e9taill\u00e9es dans la<br \/>\n<a href=\"\/fr\/politique-de-confidentialite\/\">politique de confidentialit\u00e9<\/a> du site.<\/p>\n<\/section>\n","protected":false},"excerpt":{"rendered":"<p>Mentions l\u00e9gales \u00c9diteur du site Le pr\u00e9sent site est \u00e9dit\u00e9 par : Ma\u00eetre Marilyne Letessier Avocat au Barreau de Nice 12 rue Alphonse Karr 06000 Nice \u2013 France T\u00e9l\u00e9phone : 04 22 13 57 01 Email : contact@marilyneletessier-avocat.fr Num\u00e9ro SIRET : 510 652 738 00038 Num\u00e9ro RCS : 510 065 002 Directeur de la publication [&hellip;]<\/p>\n","protected":false},"author":1,"featured_media":0,"parent":0,"menu_order":0,"comment_status":"closed","ping_status":"closed","template":"","meta":{"footnotes":""},"class_list":["post-4608","page","type-page","status-publish","hentry"],"yoast_head":"<!-- This site is optimized with the Yoast SEO plugin v27.5 - https:\/\/yoast.com\/product\/yoast-seo-wordpress\/ -->\n<title>Mentions l\u00e9gales | Ma\u00eetre Marilyne Letessier<\/title>\n<meta name=\"description\" content=\"Mentions l\u00e9gales du site de Ma\u00eetre Marilyne Letessier, avocat en dommage corporel \u00e0 Nice.\" \/>\n<meta name=\"robots\" content=\"index, follow, max-snippet:-1, max-image-preview:large, max-video-preview:-1\" \/>\n<link rel=\"canonical\" href=\"https:\/\/marilyneletessier-avocat.fr\/fr\/mentions-legales\/\" \/>\n<meta property=\"og:locale\" content=\"fr_FR\" \/>\n<meta property=\"og:type\" content=\"article\" \/>\n<meta property=\"og:title\" content=\"Mentions l\u00e9gales | Ma\u00eetre Marilyne Letessier\" \/>\n<meta property=\"og:description\" content=\"Mentions l\u00e9gales du site de Ma\u00eetre Marilyne Letessier, avocat en dommage corporel \u00e0 Nice.\" \/>\n<meta property=\"og:url\" content=\"https:\/\/marilyneletessier-avocat.fr\/fr\/mentions-legales\/\" \/>\n<meta property=\"og:site_name\" content=\"Avocat sp\u00e9cialiste en indemnisation du dommage corporel\" \/>\n<meta property=\"article:publisher\" content=\"https:\/\/www.facebook.com\/Ma%c3%aetre-Marilyne-Letessier-103635994803104\" \/>\n<meta name=\"twitter:card\" content=\"summary_large_image\" \/>\n<meta name=\"twitter:site\" content=\"@LetessierMaril1\" \/>\n<meta name=\"twitter:label1\" content=\"Dur\u00e9e de lecture estim\u00e9e\" \/>\n\t<meta name=\"twitter:data1\" content=\"2 minutes\" \/>\n<script type=\"application\/ld+json\" class=\"yoast-schema-graph\">{\"@context\":\"https:\\\/\\\/schema.org\",\"@graph\":[{\"@type\":\"WebPage\",\"@id\":\"https:\\\/\\\/marilyneletessier-avocat.fr\\\/mentions-legales\\\/\",\"url\":\"https:\\\/\\\/marilyneletessier-avocat.fr\\\/mentions-legales\\\/\",\"name\":\"Mentions l\u00e9gales | Ma\u00eetre Marilyne Letessier\",\"isPartOf\":{\"@id\":\"https:\\\/\\\/marilyneletessier-avocat.fr\\\/#website\"},\"datePublished\":\"2026-05-06T12:39:55+00:00\",\"description\":\"Mentions l\u00e9gales du site de Ma\u00eetre Marilyne Letessier, avocat en dommage corporel \u00e0 Nice.\",\"breadcrumb\":{\"@id\":\"https:\\\/\\\/marilyneletessier-avocat.fr\\\/mentions-legales\\\/#breadcrumb\"},\"inLanguage\":\"fr-FR\",\"potentialAction\":[{\"@type\":\"ReadAction\",\"target\":[\"https:\\\/\\\/marilyneletessier-avocat.fr\\\/mentions-legales\\\/\"]}]},{\"@type\":\"BreadcrumbList\",\"@id\":\"https:\\\/\\\/marilyneletessier-avocat.fr\\\/mentions-legales\\\/#breadcrumb\",\"itemListElement\":[{\"@type\":\"ListItem\",\"position\":1,\"name\":\"Accueil\",\"item\":\"https:\\\/\\\/marilyneletessier-avocat.fr\\\/\"},{\"@type\":\"ListItem\",\"position\":2,\"name\":\"Mentions l\u00e9gales\"}]},{\"@type\":\"WebSite\",\"@id\":\"https:\\\/\\\/marilyneletessier-avocat.fr\\\/#website\",\"url\":\"https:\\\/\\\/marilyneletessier-avocat.fr\\\/\",\"name\":\"Avocat sp\u00e9cialiste en indemnisation du dommage corporel\",\"description\":\"La r\u00e9f\u00e9rence des Avocats sp\u00e9cialistes en indemnisation du dommage corporel\",\"publisher\":{\"@id\":\"https:\\\/\\\/marilyneletessier-avocat.fr\\\/#organization\"},\"potentialAction\":[{\"@type\":\"SearchAction\",\"target\":{\"@type\":\"EntryPoint\",\"urlTemplate\":\"https:\\\/\\\/marilyneletessier-avocat.fr\\\/?s={search_term_string}\"},\"query-input\":{\"@type\":\"PropertyValueSpecification\",\"valueRequired\":true,\"valueName\":\"search_term_string\"}}],\"inLanguage\":\"fr-FR\"},{\"@type\":\"Organization\",\"@id\":\"https:\\\/\\\/marilyneletessier-avocat.fr\\\/#organization\",\"name\":\"Cabinet de Ma\u00eetre Marilyne Letessier\",\"url\":\"https:\\\/\\\/marilyneletessier-avocat.fr\\\/\",\"logo\":{\"@type\":\"ImageObject\",\"inLanguage\":\"fr-FR\",\"@id\":\"https:\\\/\\\/marilyneletessier-avocat.fr\\\/#\\\/schema\\\/logo\\\/image\\\/\",\"url\":\"\",\"contentUrl\":\"\",\"caption\":\"Cabinet de Ma\u00eetre Marilyne Letessier\"},\"image\":{\"@id\":\"https:\\\/\\\/marilyneletessier-avocat.fr\\\/#\\\/schema\\\/logo\\\/image\\\/\"},\"sameAs\":[\"https:\\\/\\\/www.facebook.com\\\/Ma\u00eetre-Marilyne-Letessier-103635994803104\",\"https:\\\/\\\/x.com\\\/LetessierMaril1\",\"https:\\\/\\\/www.instagram.com\\\/marilyne.letessier.avocat\\\/\",\"https:\\\/\\\/www.linkedin.com\\\/in\\\/marilyne-letessier-75229a82\\\/\"]}]}<\/script>\n<!-- \/ Yoast SEO plugin. -->","yoast_head_json":{"title":"Mentions l\u00e9gales | Ma\u00eetre Marilyne Letessier","description":"Mentions l\u00e9gales du site de Ma\u00eetre Marilyne Letessier, avocat en dommage corporel \u00e0 Nice.","robots":{"index":"index","follow":"follow","max-snippet":"max-snippet:-1","max-image-preview":"max-image-preview:large","max-video-preview":"max-video-preview:-1"},"canonical":"https:\/\/marilyneletessier-avocat.fr\/fr\/mentions-legales\/","og_locale":"fr_FR","og_type":"article","og_title":"Mentions l\u00e9gales | Ma\u00eetre Marilyne Letessier","og_description":"Mentions l\u00e9gales du site de Ma\u00eetre Marilyne Letessier, avocat en dommage corporel \u00e0 Nice.","og_url":"https:\/\/marilyneletessier-avocat.fr\/fr\/mentions-legales\/","og_site_name":"Avocat sp\u00e9cialiste en indemnisation du dommage corporel","article_publisher":"https:\/\/www.facebook.com\/Ma%c3%aetre-Marilyne-Letessier-103635994803104","twitter_card":"summary_large_image","twitter_site":"@LetessierMaril1","twitter_misc":{"Dur\u00e9e de lecture estim\u00e9e":"2 minutes"},"schema":{"@context":"https:\/\/schema.org","@graph":[{"@type":"WebPage","@id":"https:\/\/marilyneletessier-avocat.fr\/mentions-legales\/","url":"https:\/\/marilyneletessier-avocat.fr\/mentions-legales\/","name":"Mentions l\u00e9gales | Ma\u00eetre Marilyne Letessier","isPartOf":{"@id":"https:\/\/marilyneletessier-avocat.fr\/#website"},"datePublished":"2026-05-06T12:39:55+00:00","description":"Mentions l\u00e9gales du site de Ma\u00eetre Marilyne Letessier, avocat en dommage corporel \u00e0 Nice.","breadcrumb":{"@id":"https:\/\/marilyneletessier-avocat.fr\/mentions-legales\/#breadcrumb"},"inLanguage":"fr-FR","potentialAction":[{"@type":"ReadAction","target":["https:\/\/marilyneletessier-avocat.fr\/mentions-legales\/"]}]},{"@type":"BreadcrumbList","@id":"https:\/\/marilyneletessier-avocat.fr\/mentions-legales\/#breadcrumb","itemListElement":[{"@type":"ListItem","position":1,"name":"Accueil","item":"https:\/\/marilyneletessier-avocat.fr\/"},{"@type":"ListItem","position":2,"name":"Mentions l\u00e9gales"}]},{"@type":"WebSite","@id":"https:\/\/marilyneletessier-avocat.fr\/#website","url":"https:\/\/marilyneletessier-avocat.fr\/","name":"Avocat sp\u00e9cialiste en indemnisation du dommage corporel","description":"La r\u00e9f\u00e9rence des Avocats sp\u00e9cialistes en indemnisation du dommage corporel","publisher":{"@id":"https:\/\/marilyneletessier-avocat.fr\/#organization"},"potentialAction":[{"@type":"SearchAction","target":{"@type":"EntryPoint","urlTemplate":"https:\/\/marilyneletessier-avocat.fr\/?s={search_term_string}"},"query-input":{"@type":"PropertyValueSpecification","valueRequired":true,"valueName":"search_term_string"}}],"inLanguage":"fr-FR"},{"@type":"Organization","@id":"https:\/\/marilyneletessier-avocat.fr\/#organization","name":"Cabinet de Ma\u00eetre Marilyne Letessier","url":"https:\/\/marilyneletessier-avocat.fr\/","logo":{"@type":"ImageObject","inLanguage":"fr-FR","@id":"https:\/\/marilyneletessier-avocat.fr\/#\/schema\/logo\/image\/","url":"","contentUrl":"","caption":"Cabinet de Ma\u00eetre Marilyne Letessier"},"image":{"@id":"https:\/\/marilyneletessier-avocat.fr\/#\/schema\/logo\/image\/"},"sameAs":["https:\/\/www.facebook.com\/Ma\u00eetre-Marilyne-Letessier-103635994803104","https:\/\/x.com\/LetessierMaril1","https:\/\/www.instagram.com\/marilyne.letessier.avocat\/","https:\/\/www.linkedin.com\/in\/marilyne-letessier-75229a82\/"]}]}},"_links":{"self":[{"href":"https:\/\/marilyneletessier-avocat.fr\/fr\/wp-json\/wp\/v2\/pages\/4608","targetHints":{"allow":["GET"]}}],"collection":[{"href":"https:\/\/marilyneletessier-avocat.fr\/fr\/wp-json\/wp\/v2\/pages"}],"about":[{"href":"https:\/\/marilyneletessier-avocat.fr\/fr\/wp-json\/wp\/v2\/types\/page"}],"author":[{"embeddable":true,"href":"https:\/\/marilyneletessier-avocat.fr\/fr\/wp-json\/wp\/v2\/users\/1"}],"replies":[{"embeddable":true,"href":"https:\/\/marilyneletessier-avocat.fr\/fr\/wp-json\/wp\/v2\/comments?post=4608"}],"version-history":[{"count":3,"href":"https:\/\/marilyneletessier-avocat.fr\/fr\/wp-json\/wp\/v2\/pages\/4608\/revisions"}],"predecessor-version":[{"id":4613,"href":"https:\/\/marilyneletessier-avocat.fr\/fr\/wp-json\/wp\/v2\/pages\/4608\/revisions\/4613"}],"wp:attachment":[{"href":"https:\/\/marilyneletessier-avocat.fr\/fr\/wp-json\/wp\/v2\/media?parent=4608"}],"curies":[{"name":"wp","href":"https:\/\/api.w.org\/{rel}","templated":true}]}}